{"id":11253386,"date":"2025-08-28T11:50:09","date_gmt":"2025-08-28T09:50:09","guid":{"rendered":"http:\/\/artencordoba.com\/legal-notice-and-purchase-conditions\/"},"modified":"2026-03-18T13:57:14","modified_gmt":"2026-03-18T12:57:14","slug":"legal-notice-and-purchase-conditions","status":"publish","type":"page","link":"https:\/\/www.artencordoba.com\/en\/legal-notice-and-purchase-conditions\/","title":{"rendered":"Legal Notice and Purchase Conditions"},"content":{"rendered":"\t\t<div data-elementor-type=\"wp-page\" data-elementor-id=\"11253386\" class=\"elementor elementor-11253386 elementor-2999\" data-elementor-post-type=\"page\">\n\t\t\t\t<div class=\"elementor-element elementor-element-66ea2c6 e-flex e-con-boxed e-con e-parent\" data-id=\"66ea2c6\" data-element_type=\"container\" data-e-type=\"container\" data-settings=\"{&quot;background_background&quot;:&quot;classic&quot;}\">\n\t\t\t\t\t<div class=\"e-con-inner\">\n\t\t\t\t<div class=\"elementor-element elementor-element-db2f325 elementor-widget elementor-widget-heading\" data-id=\"db2f325\" data-element_type=\"widget\" data-e-type=\"widget\" data-widget_type=\"heading.default\">\n\t\t\t\t<div class=\"elementor-widget-container\">\n\t\t\t\t\t<h1 class=\"elementor-heading-title elementor-size-default\">Legal Notice and Purchase Conditions<\/h1>\t\t\t\t<\/div>\n\t\t\t\t<\/div>\n\t\t\t\t<div class=\"elementor-element elementor-element-1b10551 elementor-widget elementor-widget-text-editor\" data-id=\"1b10551\" data-element_type=\"widget\" data-e-type=\"widget\" data-widget_type=\"text-editor.default\">\n\t\t\t\t<div class=\"elementor-widget-container\">\n\t\t\t\t\t\t\t\t\t<h4>1.- IDENTIFICATION<\/h4><p>In compliance with Article 10 of Law 34\/2002, of July 11, on Information Society Services and Electronic Commerce (LSSICE), the identifying details of the entity are set out below:<\/p><ul><li><strong>ARTEC\u00d3RDOBA, S.L.<\/strong><\/li><li>Raz\u00f3n social: <strong>ARTE C\u00d3RDOBA, S.L.<\/strong><\/li><li>NIF: <strong>B14988620<\/strong><\/li><li>Address: <strong>C\/ FRAILES, N\u00ba 3,2,B. C.P.14002. C\u00d3RDOBA  <\/strong><\/li><li>Telephone: <strong>696 356 398<\/strong><\/li><li>Email: <a href=\"mailto:reservas@artencordoba.seoforce.es\"><strong>reservas@artencordoba.seoforce.es<\/strong><\/a><\/li><li><strong>CORDOBA COMMERCIAL REGISTER, VOLUME 2381, PAGE 111, ENTRY CO-34135, REGISTRATION 1.<\/strong><\/li><\/ul><h4>2.- PURPOSE OF THE WEBSITE.<\/h4><p>The purpose of this website is to maintain and manage the contracted services.<\/p><p>This website has been created by ARTE C\u00d3RDOBA, S.L. for informational purposes, for personal use, and for the management, study, and resolution of inquiries made through the website.<\/p><p>This legal notice (hereinafter, the \u201cLegal Notice\u201d) governs the use of the website: www.artencordoba.seoforce.es<\/p><h4>3.- APPLICABLE LEGISLATION.<\/h4><p>As a general rule, the relationships between ARTE C\u00d3RDOBA, S.L. and the Users of its telematic services present on this website are subject to Spanish legislation and jurisdiction.<\/p><h4>4.- USER USE AND ACCESS.<\/h4><p>The User is hereby informed and accepts that access to this website does not, in any way, imply the beginning of a commercial relationship with ARTE C\u00d3RDOBA, S.L. or any of its branches.<\/p><h4>5.- INTELLECTUAL AND INDUSTRIAL PROPERTY.<\/h4><p>The intellectual property rights to the content of the web pages, their graphic design, and source codes are the property of ARTE C\u00d3RDOBA, S.L. and, therefore, the reproduction, distribution, public communication, transformation, or any other activity that may be carried out with the contents of its web pages is prohibited, even when citing the sources, unless prior written consent is obtained from ARTE C\u00d3RDOBA, S.L.<\/p><h4>6.- WEBSITE CONTENT AND LINKS.<\/h4><p>ARTE C\u00d3RDOBA, S.L. reserves the right to update, modify, or delete the information contained on its web pages and may even limit or deny access to such information to certain users.<\/p><p>ARTE C\u00d3RDOBA, S.L. assumes no responsibility whatsoever for the information contained on third-party websites that may be accessed via \u201clinks\u201d or hyperlinks from any website owned by ARTE C\u00d3RDOBA, S.L. The presence of \u201clinks\u201d or hyperlinks on the websites of ARTE C\u00d3RDOBA, S.L. is for informational purposes only and in no case implies any suggestion, invitation, or recommendation regarding them.<\/p>\t\t\t\t\t\t\t\t<\/div>\n\t\t\t\t<\/div>\n\t\t\t\t\t<\/div>\n\t\t\t\t<\/div>\n\t\t\t\t<\/div>\n\t\t","protected":false},"excerpt":{"rendered":"<p>Legal Notice and Purchase Conditions 1.- IDENTIFICATION In compliance with Article 10 of Law 34\/2002, of July 11, on Information Society Services and Electronic Commerce (LSSICE), the identifying details of the entity are set out below: ARTEC\u00d3RDOBA, S.L. Raz\u00f3n social: ARTE C\u00d3RDOBA, S.L. NIF: B14988620 [&hellip;]<\/p>\n","protected":false},"author":3,"featured_media":0,"parent":0,"menu_order":0,"comment_status":"closed","ping_status":"closed","template":"","meta":{"_acf_changed":false,"footnotes":""},"class_list":["post-11253386","page","type-page","status-publish","hentry"],"acf":[],"_links":{"self":[{"href":"https:\/\/www.artencordoba.com\/en\/wp-json\/wp\/v2\/pages\/11253386","targetHints":{"allow":["GET"]}}],"collection":[{"href":"https:\/\/www.artencordoba.com\/en\/wp-json\/wp\/v2\/pages"}],"about":[{"href":"https:\/\/www.artencordoba.com\/en\/wp-json\/wp\/v2\/types\/page"}],"author":[{"embeddable":true,"href":"https:\/\/www.artencordoba.com\/en\/wp-json\/wp\/v2\/users\/3"}],"replies":[{"embeddable":true,"href":"https:\/\/www.artencordoba.com\/en\/wp-json\/wp\/v2\/comments?post=11253386"}],"version-history":[{"count":1,"href":"https:\/\/www.artencordoba.com\/en\/wp-json\/wp\/v2\/pages\/11253386\/revisions"}],"predecessor-version":[{"id":11254667,"href":"https:\/\/www.artencordoba.com\/en\/wp-json\/wp\/v2\/pages\/11253386\/revisions\/11254667"}],"wp:attachment":[{"href":"https:\/\/www.artencordoba.com\/en\/wp-json\/wp\/v2\/media?parent=11253386"}],"curies":[{"name":"wp","href":"https:\/\/api.w.org\/{rel}","templated":true}]}}